{"id":207,"date":"2019-12-08T15:09:32","date_gmt":"2019-12-08T14:09:32","guid":{"rendered":"http:\/\/www.school-project-afghanistan.de\/?page_id=207"},"modified":"2020-03-01T13:05:01","modified_gmt":"2020-03-01T12:05:01","slug":"fragen-antworten","status":"publish","type":"page","link":"https:\/\/www.school-project-afghanistan.de\/?page_id=207","title":{"rendered":"Fragen &#038; Antworten"},"content":{"rendered":"\n<h4 class=\"wp-block-heading\"><strong>1. Ist ihr Verein in Deutschland als gemeinn\u00fctzig anerkannt?<\/strong><\/h4>\n\n\n\n<p>Der Verein erhielt vom Finanzamt Stade die Gemeinn\u00fctzigkeit und ist somit offiziell anerkannt. Dadurch sind wir auch berechtigt eine Spendenquittung auszustellen, welche wir Ihnen auf Anfrage gerne bereitstellen. <\/p>\n\n\n\n<p>Das Schreiben des Finanzamts l\u00e4sst sich hier einsehen:<\/p>\n\n\n\n<div class=\"wp-block-file\"><a href=\"http:\/\/www.school-project-afghanistan.de\/wp-content\/uploads\/2019\/10\/Registersache.jpeg\">Eintragung<\/a><a href=\"http:\/\/www.school-project-afghanistan.de\/wp-content\/uploads\/2019\/10\/Registersache.jpeg\" class=\"wp-block-file__button\" download>Herunterladen<\/a><\/div>\n\n\n\n<div class=\"wp-block-file\"><a href=\"http:\/\/www.school-project-afghanistan.de\/wp-content\/uploads\/2019\/10\/Bescheid.jpeg\">Bescheid<\/a><a href=\"http:\/\/www.school-project-afghanistan.de\/wp-content\/uploads\/2019\/10\/Bescheid.jpeg\" class=\"wp-block-file__button\" download>Herunterladen<\/a><\/div>\n\n\n\n<hr class=\"wp-block-separator\"\/>\n\n\n\n<h4 class=\"wp-block-heading\"><strong>2. Wohin flie\u00dfen die Spendengelder?<\/strong><\/h4>\n\n\n\n<p>Die Sachspenden und Hilfeleistungen werden gezielt an afghanische Schulen \u00fcbergeben, welche diese nach Einsch\u00e4tzungen des Vorstandes am dringendsten ben\u00f6tigen. Durch pers\u00f6nlichen Kontakt vor Ort, kann die Situation pr\u00e4zise eingesch\u00e4tzt und die Spenden somit effektiv verwendet werden.<\/p>\n\n\n\n<p>\u00dcber die konkreten Projekte welche in der Vergangenheit bereits stattgefunden haben oder in Planung sind, k\u00f6nnen Sie sich auf unserer Facebook-Seite (<a rel=\"noreferrer noopener\" aria-label=\" (opens in a new tab)\" href=\"https:\/\/www.facebook.com\/groups\/663293597475894\/\" target=\"_blank\">https:\/\/ww.facebook.com\/groups\/663293597475894\/<\/a>) oder unter dem Reiter &#8222;Unsere Projekte&#8220; auf dieser Homepage genauer informieren.<\/p>\n\n\n\n<hr class=\"wp-block-separator\"\/>\n\n\n\n<h4 class=\"wp-block-heading\"><strong>3. Wie hoch ist der Mindestbeitrag?<\/strong><\/h4>\n\n\n\n<p>Der \u00fcbliche Mindestbeitrag f\u00fcr Vereinsmitglieder betr\u00e4gt 10\u20ac monatlich. F\u00fcr Studenten, Sch\u00fcler und Geringverdiener kann dieser Beitrag auf 5\u20ac im Monat gesenkt werden. Sollten Sie Interesse daran haben, den Verein durch Ihre Mitgliedschaft zu unterst\u00fctzen, so k\u00f6nnen Sie den Folgenden Aufnahmeantrag ausf\u00fcllen und an uns weiterleiten:<\/p>\n\n\n\n<div class=\"wp-block-file\"><a href=\"http:\/\/www.school-project-afghanistan.de\/wp-content\/uploads\/2020\/02\/Aufnahmeantrag-Verein.pdf\">Aufnahmeantrag<\/a><a href=\"http:\/\/www.school-project-afghanistan.de\/wp-content\/uploads\/2020\/02\/Aufnahmeantrag-Verein.pdf\" class=\"wp-block-file__button\" download>Herunterladen<\/a><\/div>\n\n\n\n<hr class=\"wp-block-separator\"\/>\n\n\n\n<h4 class=\"wp-block-heading\"><strong>4. Wer bestimmt, welche Schulen gef\u00f6rdert werden?<\/strong><\/h4>\n\n\n\n<p>Der Vorstand unseres Vereins kennt zahlreiche Schulen pers\u00f6nlich. Bei der Auswahl einer Schule wird nach dem simplen Prinzip der Notwendigkeit priorisiert. Insbesondere Schulen, welche essentielle Ausstattung wie St\u00fchle, Tische und anderes Mobiliar ben\u00f6tigen, werden mit den gegebenen Mitteln und Ressourcen unterst\u00fctzt. Dabei wird beispielsweise mit lokalen Tischlereien kooperiert und der gesamte Prozess sowohl schriftlich, als auch medial in Form von Bildern und Videos festgehalten. Zus\u00e4tzlich wird jedes Vorhaben von unseren Kontakten vor Ort geleitet und Ergebnisse auf dieser Webseite, sowie unserer Facebook-Gruppe ver\u00f6ffentlicht. <\/p>\n","protected":false},"excerpt":{"rendered":"<p>1. Ist ihr Verein in Deutschland als gemeinn\u00fctzig anerkannt? Der Verein erhielt vom Finanzamt Stade die Gemeinn\u00fctzigkeit und ist somit offiziell anerkannt. Dadurch sind wir auch berechtigt eine Spendenquittung auszustellen, welche wir Ihnen auf Anfrage gerne bereitstellen. Das&#8230; <a class=\"read-more\" href=\"https:\/\/www.school-project-afghanistan.de\/?page_id=207\">Mehr erfahren<\/a><\/p>\n","protected":false},"author":2,"featured_media":0,"parent":0,"menu_order":0,"comment_status":"closed","ping_status":"closed","template":"","meta":{"footnotes":""},"class_list":["post-207","page","type-page","status-publish","hentry","no-comments"],"_links":{"self":[{"href":"https:\/\/www.school-project-afghanistan.de\/index.php?rest_route=\/wp\/v2\/pages\/207","targetHints":{"allow":["GET"]}}],"collection":[{"href":"https:\/\/www.school-project-afghanistan.de\/index.php?rest_route=\/wp\/v2\/pages"}],"about":[{"href":"https:\/\/www.school-project-afghanistan.de\/index.php?rest_route=\/wp\/v2\/types\/page"}],"author":[{"embeddable":true,"href":"https:\/\/www.school-project-afghanistan.de\/index.php?rest_route=\/wp\/v2\/users\/2"}],"replies":[{"embeddable":true,"href":"https:\/\/www.school-project-afghanistan.de\/index.php?rest_route=%2Fwp%2Fv2%2Fcomments&post=207"}],"version-history":[{"count":15,"href":"https:\/\/www.school-project-afghanistan.de\/index.php?rest_route=\/wp\/v2\/pages\/207\/revisions"}],"predecessor-version":[{"id":352,"href":"https:\/\/www.school-project-afghanistan.de\/index.php?rest_route=\/wp\/v2\/pages\/207\/revisions\/352"}],"wp:attachment":[{"href":"https:\/\/www.school-project-afghanistan.de\/index.php?rest_route=%2Fwp%2Fv2%2Fmedia&parent=207"}],"curies":[{"name":"wp","href":"https:\/\/api.w.org\/{rel}","templated":true}]}}