{"id":206,"date":"2019-12-08T15:09:32","date_gmt":"2019-12-08T14:09:32","guid":{"rendered":"http:\/\/www.school-project-afghanistan.de\/?page_id=206"},"modified":"2019-12-21T10:59:46","modified_gmt":"2019-12-21T09:59:46","slug":"presse","status":"publish","type":"page","link":"https:\/\/www.school-project-afghanistan.de\/?page_id=206","title":{"rendered":"Presse"},"content":{"rendered":"\n<h2 class=\"wp-block-heading\">Aktion im STADER TAGEBLATT<\/h2>\n\n\n\n<p>Der Altl\u00e4nder Hausarzt Wahid Ghorwall aus Jork will die Bildungschancen  von Jungen und M\u00e4dchen in Afghanistan verbessern. Deshalb hat er mit  befreundeten Medizinern einen Verein gegr\u00fcndet, um Schulen in dem seit  40 Jahren von Krieg und Terror gezeichnetem Land zu unterst\u00fctzen. <\/p>\n\n\n\n<figure class=\"wp-block-image size-large\"><img loading=\"lazy\" decoding=\"async\" width=\"881\" height=\"1024\" src=\"http:\/\/www.school-project-afghanistan.de\/wp-content\/uploads\/2019\/08\/2019-08-08_073141-881x1024.jpg\" alt=\"\" class=\"wp-image-164\" srcset=\"https:\/\/www.school-project-afghanistan.de\/wp-content\/uploads\/2019\/08\/2019-08-08_073141-881x1024.jpg 881w, https:\/\/www.school-project-afghanistan.de\/wp-content\/uploads\/2019\/08\/2019-08-08_073141-258x300.jpg 258w, https:\/\/www.school-project-afghanistan.de\/wp-content\/uploads\/2019\/08\/2019-08-08_073141-768x892.jpg 768w, https:\/\/www.school-project-afghanistan.de\/wp-content\/uploads\/2019\/08\/2019-08-08_073141-1549x1800.jpg 1549w, https:\/\/www.school-project-afghanistan.de\/wp-content\/uploads\/2019\/08\/2019-08-08_073141-1033x1200.jpg 1033w, https:\/\/www.school-project-afghanistan.de\/wp-content\/uploads\/2019\/08\/2019-08-08_073141-551x640.jpg 551w\" sizes=\"auto, (max-width: 881px) 100vw, 881px\" \/><\/figure>\n","protected":false},"excerpt":{"rendered":"<p>Aktion im STADER TAGEBLATT Der Altl\u00e4nder Hausarzt Wahid Ghorwall aus Jork will die Bildungschancen von Jungen und M\u00e4dchen in Afghanistan verbessern. Deshalb hat er mit befreundeten Medizinern einen Verein gegr\u00fcndet, um Schulen in dem seit 40 Jahren von&#8230; <a class=\"read-more\" href=\"https:\/\/www.school-project-afghanistan.de\/?page_id=206\">Mehr erfahren<\/a><\/p>\n","protected":false},"author":2,"featured_media":0,"parent":0,"menu_order":0,"comment_status":"closed","ping_status":"closed","template":"","meta":{"footnotes":""},"class_list":["post-206","page","type-page","status-publish","hentry","no-comments"],"_links":{"self":[{"href":"https:\/\/www.school-project-afghanistan.de\/index.php?rest_route=\/wp\/v2\/pages\/206","targetHints":{"allow":["GET"]}}],"collection":[{"href":"https:\/\/www.school-project-afghanistan.de\/index.php?rest_route=\/wp\/v2\/pages"}],"about":[{"href":"https:\/\/www.school-project-afghanistan.de\/index.php?rest_route=\/wp\/v2\/types\/page"}],"author":[{"embeddable":true,"href":"https:\/\/www.school-project-afghanistan.de\/index.php?rest_route=\/wp\/v2\/users\/2"}],"replies":[{"embeddable":true,"href":"https:\/\/www.school-project-afghanistan.de\/index.php?rest_route=%2Fwp%2Fv2%2Fcomments&post=206"}],"version-history":[{"count":2,"href":"https:\/\/www.school-project-afghanistan.de\/index.php?rest_route=\/wp\/v2\/pages\/206\/revisions"}],"predecessor-version":[{"id":254,"href":"https:\/\/www.school-project-afghanistan.de\/index.php?rest_route=\/wp\/v2\/pages\/206\/revisions\/254"}],"wp:attachment":[{"href":"https:\/\/www.school-project-afghanistan.de\/index.php?rest_route=%2Fwp%2Fv2%2Fmedia&parent=206"}],"curies":[{"name":"wp","href":"https:\/\/api.w.org\/{rel}","templated":true}]}}