{"id":13,"date":"2018-11-15T21:30:11","date_gmt":"2018-11-15T20:30:11","guid":{"rendered":"http:\/\/www.school-project-afghanistan.de\/?page_id=13"},"modified":"2019-10-14T12:54:32","modified_gmt":"2019-10-14T10:54:32","slug":"aktuelle-projekte","status":"publish","type":"page","link":"https:\/\/www.school-project-afghanistan.de\/?page_id=13","title":{"rendered":"Aktuelle Projekte"},"content":{"rendered":"\n<p>Liebe Freunde, <\/p>\n\n\n\n<p>ich wollte euch etwas \u00fcber die Aktivit\u00e4t unseres Vereins in\nden letzten Wochen und Monaten mitteilen. <\/p>\n\n\n\n<p>Wir haben uns vorgenommen eine Schule in Afghanistan zu\nunterst\u00fctzen. Nach einigen Recherchen hat man sich auf eine Schule im 12.\nBezirk Kabuls geeinigt, es handelt sich dabei um das sogenannte Ahmad Shah\nGymnasium. <\/p>\n\n\n\n<p>Die Schule wird von sowohl M\u00e4dchen, als auch Jungen bis zur\n12. Klasse besucht. Nach einer Besichtigung der Schule und Kontaktaufnahme mit\ndem Direktor hat man festgestellt, dass die Schule dringend ca. 100 Tische und\nB\u00e4nke ben\u00f6tigt. <\/p>\n\n\n\n<p>Wir haben anschlie\u00dfend der Schule unsere Unterst\u00fctzung\nzugesagt und einen entsprechenden Auftrag an eine Tischlerei in Kabul gegeben. <\/p>\n\n\n\n<p>Dies hat bis zur Fertigstellung ungef\u00e4hr 2 Monate gedauert und wurde mittlerweile an die Schule geliefert, wo es vom Direktor, den Lehrern und auch den Sch\u00fclern begeistert in Empfang genommen wurde. <\/p>\n\n\n\n<p>Wir danken unserer Kontaktperson Herrn Abdul Kadir\nDzabarkhil, welcher&nbsp; die gesamte Aktion\nerm\u00f6glicht, organisiert und in die Wege geleitet hat. <\/p>\n\n\n\n<p>Wir bedanken uns des Weiteren bei allen Freunden, Bekannten und Mitgliedern, welche uns hierbei unterst\u00fctzt haben. Wir hoffen auch, dass wir zuk\u00fcnftig durch diese Hilfe beim Aufbau von Schulen in Afghanistan aktiv t\u00e4tig werden k\u00f6nnen.<\/p>\n\n\n\n<figure class=\"wp-block-image\"><img loading=\"lazy\" decoding=\"async\" width=\"960\" height=\"540\" src=\"http:\/\/www.school-project-afghanistan.de\/wp-content\/uploads\/2019\/08\/66375238_109923730316907_5333194877242966016_n.jpg\" alt=\"\" class=\"wp-image-169\" srcset=\"https:\/\/www.school-project-afghanistan.de\/wp-content\/uploads\/2019\/08\/66375238_109923730316907_5333194877242966016_n.jpg 960w, https:\/\/www.school-project-afghanistan.de\/wp-content\/uploads\/2019\/08\/66375238_109923730316907_5333194877242966016_n-300x169.jpg 300w, https:\/\/www.school-project-afghanistan.de\/wp-content\/uploads\/2019\/08\/66375238_109923730316907_5333194877242966016_n-768x432.jpg 768w, https:\/\/www.school-project-afghanistan.de\/wp-content\/uploads\/2019\/08\/66375238_109923730316907_5333194877242966016_n-640x360.jpg 640w\" sizes=\"auto, (max-width: 960px) 100vw, 960px\" \/><figcaption> Hier ein Bild der Einweihung und des Empfangs des Mobiliars durch den Schuldirektor und den Lehrern.<\/figcaption><\/figure>\n\n\n\n<figure class=\"wp-block-image\"><img loading=\"lazy\" decoding=\"async\" width=\"853\" height=\"640\" src=\"http:\/\/www.school-project-afghanistan.de\/wp-content\/uploads\/2019\/08\/66094014_107449290564351_8020447217317838848_n.jpg\" alt=\"\" class=\"wp-image-170\" srcset=\"https:\/\/www.school-project-afghanistan.de\/wp-content\/uploads\/2019\/08\/66094014_107449290564351_8020447217317838848_n.jpg 853w, https:\/\/www.school-project-afghanistan.de\/wp-content\/uploads\/2019\/08\/66094014_107449290564351_8020447217317838848_n-300x225.jpg 300w, https:\/\/www.school-project-afghanistan.de\/wp-content\/uploads\/2019\/08\/66094014_107449290564351_8020447217317838848_n-768x576.jpg 768w, https:\/\/www.school-project-afghanistan.de\/wp-content\/uploads\/2019\/08\/66094014_107449290564351_8020447217317838848_n-640x480.jpg 640w\" sizes=\"auto, (max-width: 853px) 100vw, 853px\" \/><figcaption> Die Schule ist am Rande von Kabul und geh\u00f6rt zu m 11.Bezirk von Kabul. <\/figcaption><\/figure>\n\n\n\n<figure class=\"wp-block-image\"><img loading=\"lazy\" decoding=\"async\" width=\"1024\" height=\"576\" src=\"http:\/\/www.school-project-afghanistan.de\/wp-content\/uploads\/2019\/08\/schule2-1024x576.jpg\" alt=\"\" class=\"wp-image-167\" srcset=\"https:\/\/www.school-project-afghanistan.de\/wp-content\/uploads\/2019\/08\/schule2-1024x576.jpg 1024w, https:\/\/www.school-project-afghanistan.de\/wp-content\/uploads\/2019\/08\/schule2-300x169.jpg 300w, https:\/\/www.school-project-afghanistan.de\/wp-content\/uploads\/2019\/08\/schule2-768x432.jpg 768w, https:\/\/www.school-project-afghanistan.de\/wp-content\/uploads\/2019\/08\/schule2-640x360.jpg 640w, https:\/\/www.school-project-afghanistan.de\/wp-content\/uploads\/2019\/08\/schule2.jpg 1440w\" sizes=\"auto, (max-width: 1024px) 100vw, 1024px\" \/><\/figure>\n\n\n\n<p><\/p>\n","protected":false},"excerpt":{"rendered":"<p>Liebe Freunde, ich wollte euch etwas \u00fcber die Aktivit\u00e4t unseres Vereins in den letzten Wochen und Monaten mitteilen. Wir haben uns vorgenommen eine Schule in Afghanistan zu unterst\u00fctzen. Nach einigen Recherchen hat man sich auf eine Schule im&#8230; <a class=\"read-more\" href=\"https:\/\/www.school-project-afghanistan.de\/?page_id=13\">Mehr erfahren<\/a><\/p>\n","protected":false},"author":1,"featured_media":0,"parent":0,"menu_order":8,"comment_status":"open","ping_status":"closed","template":"","meta":{"footnotes":""},"class_list":["post-13","page","type-page","status-publish","hentry","no-comments"],"_links":{"self":[{"href":"https:\/\/www.school-project-afghanistan.de\/index.php?rest_route=\/wp\/v2\/pages\/13","targetHints":{"allow":["GET"]}}],"collection":[{"href":"https:\/\/www.school-project-afghanistan.de\/index.php?rest_route=\/wp\/v2\/pages"}],"about":[{"href":"https:\/\/www.school-project-afghanistan.de\/index.php?rest_route=\/wp\/v2\/types\/page"}],"author":[{"embeddable":true,"href":"https:\/\/www.school-project-afghanistan.de\/index.php?rest_route=\/wp\/v2\/users\/1"}],"replies":[{"embeddable":true,"href":"https:\/\/www.school-project-afghanistan.de\/index.php?rest_route=%2Fwp%2Fv2%2Fcomments&post=13"}],"version-history":[{"count":4,"href":"https:\/\/www.school-project-afghanistan.de\/index.php?rest_route=\/wp\/v2\/pages\/13\/revisions"}],"predecessor-version":[{"id":191,"href":"https:\/\/www.school-project-afghanistan.de\/index.php?rest_route=\/wp\/v2\/pages\/13\/revisions\/191"}],"wp:attachment":[{"href":"https:\/\/www.school-project-afghanistan.de\/index.php?rest_route=%2Fwp%2Fv2%2Fmedia&parent=13"}],"curies":[{"name":"wp","href":"https:\/\/api.w.org\/{rel}","templated":true}]}}