{"id":101,"date":"2019-03-04T12:29:02","date_gmt":"2019-03-04T11:29:02","guid":{"rendered":"http:\/\/www.school-project-afghanistan.de\/?page_id=101"},"modified":"2020-03-01T12:30:04","modified_gmt":"2020-03-01T11:30:04","slug":"mitglied-werden","status":"publish","type":"page","link":"https:\/\/www.school-project-afghanistan.de\/?page_id=101","title":{"rendered":"Machen Sie mit!"},"content":{"rendered":"\n<p>Mit einem monatlichen Mindestbeitrag von 10\u20ac k\u00f6nnen Sie F\u00f6rdermitglied werden und den Verein somit finanziell unterst\u00fctzen. F\u00fcr Studenten, Sch\u00fcler und Geringverdiener kann dieser Beitrag auf 5\u20ac im Monat gesenkt werden.<\/p>\n\n\n\n<p>Wenn  Sie an Vereinsversammlungen teilnehmen oder anderweitig mitarbeiten m\u00f6chten,  sollten Sie offizielles Mitglied mit Stimmrecht bei  Vereinsversammlungen werden. Dazu k\u00f6nnen Sie den folgenden Aufnahmeantrag ausf\u00fcllen und uns zukommen lassen:<\/p>\n\n\n\n<div class=\"wp-block-file\"><a href=\"http:\/\/www.school-project-afghanistan.de\/wp-content\/uploads\/2019\/03\/Aufnahmeantrag-Verein.pdf\">Aufnahmeantrag Verein<\/a><a href=\"http:\/\/www.school-project-afghanistan.de\/wp-content\/uploads\/2019\/03\/Aufnahmeantrag-Verein.pdf\" class=\"wp-block-file__button\" download>Herunterladen<\/a><\/div>\n\n\n\n<p>Ob F\u00f6rdermitglied oder offizielles Mitglied: Wir freuen uns sehr \u00fcber jede Hilfe, sei es f\u00fcr  ein bestimmtes Projekt oder zur generellen Unterst\u00fctzung der Vereinsarbeit.<\/p>\n","protected":false},"excerpt":{"rendered":"<p>Mit einem monatlichen Mindestbeitrag von 10\u20ac k\u00f6nnen Sie F\u00f6rdermitglied werden und den Verein somit finanziell unterst\u00fctzen. F\u00fcr Studenten, Sch\u00fcler und Geringverdiener kann dieser Beitrag auf 5\u20ac im Monat gesenkt werden. Wenn Sie an Vereinsversammlungen teilnehmen oder anderweitig mitarbeiten&#8230; <a class=\"read-more\" href=\"https:\/\/www.school-project-afghanistan.de\/?page_id=101\">Mehr erfahren<\/a><\/p>\n","protected":false},"author":1,"featured_media":0,"parent":2,"menu_order":3,"comment_status":"open","ping_status":"closed","template":"","meta":{"footnotes":""},"class_list":["post-101","page","type-page","status-publish","hentry","no-comments"],"_links":{"self":[{"href":"https:\/\/www.school-project-afghanistan.de\/index.php?rest_route=\/wp\/v2\/pages\/101","targetHints":{"allow":["GET"]}}],"collection":[{"href":"https:\/\/www.school-project-afghanistan.de\/index.php?rest_route=\/wp\/v2\/pages"}],"about":[{"href":"https:\/\/www.school-project-afghanistan.de\/index.php?rest_route=\/wp\/v2\/types\/page"}],"author":[{"embeddable":true,"href":"https:\/\/www.school-project-afghanistan.de\/index.php?rest_route=\/wp\/v2\/users\/1"}],"replies":[{"embeddable":true,"href":"https:\/\/www.school-project-afghanistan.de\/index.php?rest_route=%2Fwp%2Fv2%2Fcomments&post=101"}],"version-history":[{"count":4,"href":"https:\/\/www.school-project-afghanistan.de\/index.php?rest_route=\/wp\/v2\/pages\/101\/revisions"}],"predecessor-version":[{"id":338,"href":"https:\/\/www.school-project-afghanistan.de\/index.php?rest_route=\/wp\/v2\/pages\/101\/revisions\/338"}],"up":[{"embeddable":true,"href":"https:\/\/www.school-project-afghanistan.de\/index.php?rest_route=\/wp\/v2\/pages\/2"}],"wp:attachment":[{"href":"https:\/\/www.school-project-afghanistan.de\/index.php?rest_route=%2Fwp%2Fv2%2Fmedia&parent=101"}],"curies":[{"name":"wp","href":"https:\/\/api.w.org\/{rel}","templated":true}]}}